{"id":12,"date":"2024-05-13T08:52:20","date_gmt":"2024-05-13T12:52:20","guid":{"rendered":"https:\/\/galaillustre.com\/candidature\/?page_id=12"},"modified":"2024-08-12T13:22:43","modified_gmt":"2024-08-12T17:22:43","slug":"home","status":"publish","type":"page","link":"https:\/\/galaillustre.com\/candidature\/","title":{"rendered":"Candidature"},"content":{"rendered":"<p><br class=\"vide\" \/><br class=\"vide\" \/><br class=\"vide\" \/><\/p>\n<h4><strong>Les retomb\u00e9es et avantages \u00e0 soumettre votre candidature :<\/strong><\/h4>\n<ul>\n<li>Occasion de prendre un moment d\u2019arr\u00eat pour faire un bilan de vos r\u00e9ussites en tant qu\u2019\u00e9quipe;<\/li>\n<li>Occasion de solidifier vos liens avec les membres de votre \u00e9quipe ainsi qu\u2019avec vos partenaires de succ\u00e8s, en partageant votre fiert\u00e9;<\/li>\n<li>Privil\u00e8ge de se faire mettre en nomination et d\u2019\u00eatre reconnu par vos pairs de la Communaut\u00e9 FPQ5;<\/li>\n<li>\u00c9largissement de votre rayonnement dans votre Communaut\u00e9;<\/li>\n<li>Inspirer d\u2019autres cabinets\/agences au sein de la Communaut\u00e9 FPQ5 et agir comme mod\u00e8le aupr\u00e8s de ceux qui h\u00e9sitent.<\/li>\n<\/ul>\n<p><strong><em>Date limite pour soumettre une mise en candidature: 15 novembre 2024 23H59 HE<\/em><\/strong><br \/>\n<br class=\"vide\" \/><\/p>\n","protected":false},"excerpt":{"rendered":"<p>Les retomb\u00e9es et avantages \u00e0 soumettre votre candidature : Occasion de prendre un moment d\u2019arr\u00eat pour faire un bilan de [&hellip;]<\/p>\n","protected":false},"author":1,"featured_media":0,"parent":0,"menu_order":0,"comment_status":"closed","ping_status":"closed","template":"","meta":{"site-sidebar-layout":"no-sidebar","site-content-layout":"plain-container","ast-site-content-layout":"default","site-content-style":"default","site-sidebar-style":"default","ast-global-header-display":"","ast-banner-title-visibility":"","ast-main-header-display":"","ast-hfb-above-header-display":"","ast-hfb-below-header-display":"","ast-hfb-mobile-header-display":"","site-post-title":"disabled","ast-breadcrumbs-content":"","ast-featured-img":"","footer-sml-layout":"","theme-transparent-header-meta":"enabled","adv-header-id-meta":"","stick-header-meta":"","header-above-stick-meta":"","header-main-stick-meta":"","header-below-stick-meta":"","astra-migrate-meta-layouts":"set","ast-page-background-enabled":"default","ast-page-background-meta":{"desktop":{"background-color":"var(--ast-global-color-4)","background-image":"","background-repeat":"repeat","background-position":"center center","background-size":"auto","background-attachment":"scroll","background-type":"","background-media":"","overlay-type":"","overlay-color":"","overlay-gradient":""},"tablet":{"background-color":"","background-image":"","background-repeat":"repeat","background-position":"center center","background-size":"auto","background-attachment":"scroll","background-type":"","background-media":"","overlay-type":"","overlay-color":"","overlay-gradient":""},"mobile":{"background-color":"","background-image":"","background-repeat":"repeat","background-position":"center center","background-size":"auto","background-attachment":"scroll","background-type":"","background-media":"","overlay-type":"","overlay-color":"","overlay-gradient":""}},"ast-content-background-meta":{"desktop":{"background-color":"var(--ast-global-color-5)","background-image":"","background-repeat":"repeat","background-position":"center center","background-size":"auto","background-attachment":"scroll","background-type":"","background-media":"","overlay-type":"","overlay-color":"","overlay-gradient":""},"tablet":{"background-color":"var(--ast-global-color-5)","background-image":"","background-repeat":"repeat","background-position":"center center","background-size":"auto","background-attachment":"scroll","background-type":"","background-media":"","overlay-type":"","overlay-color":"","overlay-gradient":""},"mobile":{"background-color":"var(--ast-global-color-5)","background-image":"","background-repeat":"repeat","background-position":"center center","background-size":"auto","background-attachment":"scroll","background-type":"","background-media":"","overlay-type":"","overlay-color":"","overlay-gradient":""}},"footnotes":""},"class_list":["post-12","page","type-page","status-publish","hentry"],"_links":{"self":[{"href":"https:\/\/galaillustre.com\/candidature\/index.php\/wp-json\/wp\/v2\/pages\/12","targetHints":{"allow":["GET"]}}],"collection":[{"href":"https:\/\/galaillustre.com\/candidature\/index.php\/wp-json\/wp\/v2\/pages"}],"about":[{"href":"https:\/\/galaillustre.com\/candidature\/index.php\/wp-json\/wp\/v2\/types\/page"}],"author":[{"embeddable":true,"href":"https:\/\/galaillustre.com\/candidature\/index.php\/wp-json\/wp\/v2\/users\/1"}],"replies":[{"embeddable":true,"href":"https:\/\/galaillustre.com\/candidature\/index.php\/wp-json\/wp\/v2\/comments?post=12"}],"version-history":[{"count":39,"href":"https:\/\/galaillustre.com\/candidature\/index.php\/wp-json\/wp\/v2\/pages\/12\/revisions"}],"predecessor-version":[{"id":135,"href":"https:\/\/galaillustre.com\/candidature\/index.php\/wp-json\/wp\/v2\/pages\/12\/revisions\/135"}],"wp:attachment":[{"href":"https:\/\/galaillustre.com\/candidature\/index.php\/wp-json\/wp\/v2\/media?parent=12"}],"curies":[{"name":"wp","href":"https:\/\/api.w.org\/{rel}","templated":true}]}}